{"id":10325,"date":"2026-03-16T14:15:23","date_gmt":"2026-03-16T13:15:23","guid":{"rendered":"https:\/\/nuriasamarretes.com\/producte\/outlet-jersei-fi-texturat-coll-en-v-refpe-pic-trenes-colorvermell\/"},"modified":"2026-03-19T18:36:22","modified_gmt":"2026-03-19T17:36:22","slug":"outlet-jersei-fi-texturat-coll-en-v-refpe-pic-trenes-colorvermell","status":"publish","type":"product","link":"https:\/\/nuriasamarretes.com\/es\/producte\/outlet-jersei-fi-texturat-coll-en-v-refpe-pic-trenes-colorvermell\/","title":{"rendered":"OUTLET. JERSEI FI TEXTURAT, COLL EN V. REF:PE-PIC TRENES. COLOR:VERMELL\nProducte Local-Km.0 (Caravaca de la Cruz, M\u00farcia)"},"content":{"rendered":"<p>Composici\u00f3 : Modal 46%, Fibra poliacr\u00edlica 40%, Fibra poliam\u00eddica 14%.<\/p>\n<p>Tallatge-Exist\u00e8ncia : T.M (M\u00e0xim 95cm.contorn).<\/p>\n","protected":false},"excerpt":{"rendered":"<p>Composici\u00f3 : Modal 46%, Fibra poliacr\u00edlica 40%, Fibra poliam\u00eddica 14%. Tallatge-Exist\u00e8ncia : T.M (M\u00e0xim 95cm.contorn).<\/p>\n","protected":false},"featured_media":10321,"comment_status":"open","ping_status":"closed","template":"","meta":{"_joinchat":[]},"product_brand":[],"product_cat":[722],"product_tag":[],"class_list":{"0":"post-10325","1":"product","2":"type-product","3":"status-publish","4":"has-post-thumbnail","6":"product_cat-outlet","8":"first","9":"instock","10":"sale","11":"taxable","12":"shipping-taxable","13":"purchasable","14":"product-type-simple"},"jetpack_sharing_enabled":true,"_links":{"self":[{"href":"https:\/\/nuriasamarretes.com\/es\/wp-json\/wp\/v2\/product\/10325","targetHints":{"allow":["GET"]}}],"collection":[{"href":"https:\/\/nuriasamarretes.com\/es\/wp-json\/wp\/v2\/product"}],"about":[{"href":"https:\/\/nuriasamarretes.com\/es\/wp-json\/wp\/v2\/types\/product"}],"replies":[{"embeddable":true,"href":"https:\/\/nuriasamarretes.com\/es\/wp-json\/wp\/v2\/comments?post=10325"}],"wp:featuredmedia":[{"embeddable":true,"href":"https:\/\/nuriasamarretes.com\/es\/wp-json\/wp\/v2\/media\/10321"}],"wp:attachment":[{"href":"https:\/\/nuriasamarretes.com\/es\/wp-json\/wp\/v2\/media?parent=10325"}],"wp:term":[{"taxonomy":"product_brand","embeddable":true,"href":"https:\/\/nuriasamarretes.com\/es\/wp-json\/wp\/v2\/product_brand?post=10325"},{"taxonomy":"product_cat","embeddable":true,"href":"https:\/\/nuriasamarretes.com\/es\/wp-json\/wp\/v2\/product_cat?post=10325"},{"taxonomy":"product_tag","embeddable":true,"href":"https:\/\/nuriasamarretes.com\/es\/wp-json\/wp\/v2\/product_tag?post=10325"}],"curies":[{"name":"wp","href":"https:\/\/api.w.org\/{rel}","templated":true}]}}