{"id":10320,"date":"2026-03-16T13:57:30","date_gmt":"2026-03-16T12:57:30","guid":{"rendered":"https:\/\/nuriasamarretes.com\/producte\/outlet-jaqueta-de-punt-semi-llarga-amb-caputxa-ref-pe-7923-color-unic-producte-local-km-0-caravaca-de-la-cruz-murcia\/"},"modified":"2026-03-19T18:36:48","modified_gmt":"2026-03-19T17:36:48","slug":"outlet-jaqueta-de-punt-semi-llarga-amb-caputxa-ref-pe-7923-color-unic-producte-local-km-0-caravaca-de-la-cruz-murcia","status":"publish","type":"product","link":"https:\/\/nuriasamarretes.com\/es\/producte\/outlet-jaqueta-de-punt-semi-llarga-amb-caputxa-ref-pe-7923-color-unic-producte-local-km-0-caravaca-de-la-cruz-murcia\/","title":{"rendered":"OUTLET. JAQUETA DE PUNT SEMI-LLARGA AMB CAPUTXA. REF. PE-7923.Color \u00danic.\nProducte Local-Km.0 (Caravaca de la Cruz, M\u00daRCIA)."},"content":{"rendered":"<p>Composici\u00f3: Acr\u00edlic 60%, Llana 20%, Cot\u00f3 20%.<\/p>\n<p>Tallatge-Exist\u00e8ncia : T.XL<\/p>\n","protected":false},"excerpt":{"rendered":"<p>Composici\u00f3: Acr\u00edlic 60%, Llana 20%, Cot\u00f3 20%. Tallatge-Exist\u00e8ncia : T.XL<\/p>\n","protected":false},"featured_media":10316,"comment_status":"open","ping_status":"closed","template":"","meta":{"_joinchat":[]},"product_brand":[],"product_cat":[722],"product_tag":[],"class_list":{"0":"post-10320","1":"product","2":"type-product","3":"status-publish","4":"has-post-thumbnail","6":"product_cat-outlet","8":"first","9":"instock","10":"sale","11":"taxable","12":"shipping-taxable","13":"purchasable","14":"product-type-simple"},"jetpack_sharing_enabled":true,"_links":{"self":[{"href":"https:\/\/nuriasamarretes.com\/es\/wp-json\/wp\/v2\/product\/10320","targetHints":{"allow":["GET"]}}],"collection":[{"href":"https:\/\/nuriasamarretes.com\/es\/wp-json\/wp\/v2\/product"}],"about":[{"href":"https:\/\/nuriasamarretes.com\/es\/wp-json\/wp\/v2\/types\/product"}],"replies":[{"embeddable":true,"href":"https:\/\/nuriasamarretes.com\/es\/wp-json\/wp\/v2\/comments?post=10320"}],"wp:featuredmedia":[{"embeddable":true,"href":"https:\/\/nuriasamarretes.com\/es\/wp-json\/wp\/v2\/media\/10316"}],"wp:attachment":[{"href":"https:\/\/nuriasamarretes.com\/es\/wp-json\/wp\/v2\/media?parent=10320"}],"wp:term":[{"taxonomy":"product_brand","embeddable":true,"href":"https:\/\/nuriasamarretes.com\/es\/wp-json\/wp\/v2\/product_brand?post=10320"},{"taxonomy":"product_cat","embeddable":true,"href":"https:\/\/nuriasamarretes.com\/es\/wp-json\/wp\/v2\/product_cat?post=10320"},{"taxonomy":"product_tag","embeddable":true,"href":"https:\/\/nuriasamarretes.com\/es\/wp-json\/wp\/v2\/product_tag?post=10320"}],"curies":[{"name":"wp","href":"https:\/\/api.w.org\/{rel}","templated":true}]}}