{"id":10309,"date":"2026-03-16T08:59:52","date_gmt":"2026-03-16T07:59:52","guid":{"rendered":"https:\/\/nuriasamarretes.com\/?post_type=product&#038;p=10309"},"modified":"2026-03-19T18:38:17","modified_gmt":"2026-03-19T17:38:17","slug":"outlet-jersei-ratlles-colors-1-gris-clar-marengo-2-caramel-marro-3-beige-marroproducte-fet-a-italia","status":"publish","type":"product","link":"https:\/\/nuriasamarretes.com\/es\/producte\/outlet-jersei-ratlles-colors-1-gris-clar-marengo-2-caramel-marro-3-beige-marroproducte-fet-a-italia\/","title":{"rendered":"OUTLET. JERSEI RATLLES. COLORS: 1.Gris clar-marengo, 2.Caramel-marr\u00f3, 3.Beige-Marr\u00f3\nProducte d&#8217;It\u00e0lia."},"content":{"rendered":"<p>Composici\u00f3: Llana 45%, 25% Viscosa, Poliamida 20%, Caxemir 10%.<\/p>\n<p>Tallatge \u00fanic (m\u00e0xim 100cm.contorn): patronatge ample-recte. Llargada 15cm sota cintura.<\/p>\n","protected":false},"excerpt":{"rendered":"<p>Composici\u00f3: Llana 45%, 25% Viscosa, Poliamida 20%, Caxemir 10%. Tallatge \u00fanic (m\u00e0xim 100cm.contorn): patronatge ample-recte. Llargada 15cm sota cintura.<\/p>\n","protected":false},"featured_media":10299,"comment_status":"open","ping_status":"closed","template":"","meta":{"_joinchat":[]},"product_brand":[],"product_cat":[722],"product_tag":[],"class_list":{"0":"post-10309","1":"product","2":"type-product","3":"status-publish","4":"has-post-thumbnail","6":"product_cat-outlet","8":"first","9":"instock","10":"sale","11":"taxable","12":"shipping-taxable","13":"purchasable","14":"product-type-simple"},"jetpack_sharing_enabled":true,"_links":{"self":[{"href":"https:\/\/nuriasamarretes.com\/es\/wp-json\/wp\/v2\/product\/10309","targetHints":{"allow":["GET"]}}],"collection":[{"href":"https:\/\/nuriasamarretes.com\/es\/wp-json\/wp\/v2\/product"}],"about":[{"href":"https:\/\/nuriasamarretes.com\/es\/wp-json\/wp\/v2\/types\/product"}],"replies":[{"embeddable":true,"href":"https:\/\/nuriasamarretes.com\/es\/wp-json\/wp\/v2\/comments?post=10309"}],"wp:featuredmedia":[{"embeddable":true,"href":"https:\/\/nuriasamarretes.com\/es\/wp-json\/wp\/v2\/media\/10299"}],"wp:attachment":[{"href":"https:\/\/nuriasamarretes.com\/es\/wp-json\/wp\/v2\/media?parent=10309"}],"wp:term":[{"taxonomy":"product_brand","embeddable":true,"href":"https:\/\/nuriasamarretes.com\/es\/wp-json\/wp\/v2\/product_brand?post=10309"},{"taxonomy":"product_cat","embeddable":true,"href":"https:\/\/nuriasamarretes.com\/es\/wp-json\/wp\/v2\/product_cat?post=10309"},{"taxonomy":"product_tag","embeddable":true,"href":"https:\/\/nuriasamarretes.com\/es\/wp-json\/wp\/v2\/product_tag?post=10309"}],"curies":[{"name":"wp","href":"https:\/\/api.w.org\/{rel}","templated":true}]}}