{"id":10298,"date":"2026-03-15T22:42:38","date_gmt":"2026-03-15T21:42:38","guid":{"rendered":"https:\/\/nuriasamarretes.com\/producte\/outlet-jaqueta-de-punt-caputxa-tipus-trenka-producte-local-km-0-menasalbas-toledo\/"},"modified":"2026-03-19T18:38:44","modified_gmt":"2026-03-19T17:38:44","slug":"outlet-jaqueta-de-punt-caputxa-tipus-trenka-producte-local-km-0-menasalbas-toledo","status":"publish","type":"product","link":"https:\/\/nuriasamarretes.com\/es\/producte\/outlet-jaqueta-de-punt-caputxa-tipus-trenka-producte-local-km-0-menasalbas-toledo\/","title":{"rendered":"OUTLET. JAQUETA DE PUNT CAPUTXA (tipus trenka).\nProducte Local-Km.0 (Menasalbas, Toledo)"},"content":{"rendered":"<p>Composici\u00f3 : Acr\u00edlic 100%.<\/p>\n<p>Tallatge-Exist\u00e8ncia : T. M<\/p>\n","protected":false},"excerpt":{"rendered":"<p>Composici\u00f3 : Acr\u00edlic 100%. Tallatge-Exist\u00e8ncia : T. M<\/p>\n","protected":false},"featured_media":10296,"comment_status":"open","ping_status":"closed","template":"","meta":{"_joinchat":[]},"product_brand":[],"product_cat":[722],"product_tag":[],"class_list":{"0":"post-10298","1":"product","2":"type-product","3":"status-publish","4":"has-post-thumbnail","6":"product_cat-outlet","8":"first","9":"instock","10":"sale","11":"taxable","12":"shipping-taxable","13":"purchasable","14":"product-type-simple"},"jetpack_sharing_enabled":true,"_links":{"self":[{"href":"https:\/\/nuriasamarretes.com\/es\/wp-json\/wp\/v2\/product\/10298","targetHints":{"allow":["GET"]}}],"collection":[{"href":"https:\/\/nuriasamarretes.com\/es\/wp-json\/wp\/v2\/product"}],"about":[{"href":"https:\/\/nuriasamarretes.com\/es\/wp-json\/wp\/v2\/types\/product"}],"replies":[{"embeddable":true,"href":"https:\/\/nuriasamarretes.com\/es\/wp-json\/wp\/v2\/comments?post=10298"}],"wp:featuredmedia":[{"embeddable":true,"href":"https:\/\/nuriasamarretes.com\/es\/wp-json\/wp\/v2\/media\/10296"}],"wp:attachment":[{"href":"https:\/\/nuriasamarretes.com\/es\/wp-json\/wp\/v2\/media?parent=10298"}],"wp:term":[{"taxonomy":"product_brand","embeddable":true,"href":"https:\/\/nuriasamarretes.com\/es\/wp-json\/wp\/v2\/product_brand?post=10298"},{"taxonomy":"product_cat","embeddable":true,"href":"https:\/\/nuriasamarretes.com\/es\/wp-json\/wp\/v2\/product_cat?post=10298"},{"taxonomy":"product_tag","embeddable":true,"href":"https:\/\/nuriasamarretes.com\/es\/wp-json\/wp\/v2\/product_tag?post=10298"}],"curies":[{"name":"wp","href":"https:\/\/api.w.org\/{rel}","templated":true}]}}