{"id":10183,"date":"2026-03-09T13:42:56","date_gmt":"2026-03-09T12:42:56","guid":{"rendered":"https:\/\/nuriasamarretes.com\/?post_type=product&#038;p=10183"},"modified":"2026-03-31T12:09:21","modified_gmt":"2026-03-31T10:09:21","slug":"brusa-sense-maniga-ref-n-zanzibar-402-negre-980-camel-%f0%9f%93%b7vermell-producte-local-km-0-mataro","status":"publish","type":"product","link":"https:\/\/nuriasamarretes.com\/es\/producte\/brusa-sense-maniga-ref-n-zanzibar-402-negre-980-camel-%f0%9f%93%b7vermell-producte-local-km-0-mataro\/","title":{"rendered":"SAMARRETA SENSE M\u00c0NIGA Ref. N-8120 ZANZIBAR. Colors :402 (Negre), 980 (Camel) (\ud83d\udcf7vermell) Producte Local-km.0 :Matar\u00f3"},"content":{"rendered":"<p>Composici\u00f3 55% Viscosa 45%  Nil\u00f3. TALLATGE : T.S, T.M, T.L, T.XL, T.2XL, T.3XL<\/p>\n","protected":false},"excerpt":{"rendered":"<p>Composici\u00f3 55% Viscosa 45% Nil\u00f3. TALLATGE : T.S, T.M, T.L, T.XL, T.2XL, T.3XL<\/p>\n","protected":false},"featured_media":10181,"comment_status":"open","ping_status":"closed","template":"","meta":{"_joinchat":[]},"product_brand":[],"product_cat":[24],"product_tag":[],"class_list":{"0":"post-10183","1":"product","2":"type-product","3":"status-publish","4":"has-post-thumbnail","6":"product_cat-samarretes","8":"first","9":"instock","10":"taxable","11":"shipping-taxable","12":"purchasable","13":"product-type-simple"},"jetpack_sharing_enabled":true,"_links":{"self":[{"href":"https:\/\/nuriasamarretes.com\/es\/wp-json\/wp\/v2\/product\/10183","targetHints":{"allow":["GET"]}}],"collection":[{"href":"https:\/\/nuriasamarretes.com\/es\/wp-json\/wp\/v2\/product"}],"about":[{"href":"https:\/\/nuriasamarretes.com\/es\/wp-json\/wp\/v2\/types\/product"}],"replies":[{"embeddable":true,"href":"https:\/\/nuriasamarretes.com\/es\/wp-json\/wp\/v2\/comments?post=10183"}],"wp:featuredmedia":[{"embeddable":true,"href":"https:\/\/nuriasamarretes.com\/es\/wp-json\/wp\/v2\/media\/10181"}],"wp:attachment":[{"href":"https:\/\/nuriasamarretes.com\/es\/wp-json\/wp\/v2\/media?parent=10183"}],"wp:term":[{"taxonomy":"product_brand","embeddable":true,"href":"https:\/\/nuriasamarretes.com\/es\/wp-json\/wp\/v2\/product_brand?post=10183"},{"taxonomy":"product_cat","embeddable":true,"href":"https:\/\/nuriasamarretes.com\/es\/wp-json\/wp\/v2\/product_cat?post=10183"},{"taxonomy":"product_tag","embeddable":true,"href":"https:\/\/nuriasamarretes.com\/es\/wp-json\/wp\/v2\/product_tag?post=10183"}],"curies":[{"name":"wp","href":"https:\/\/api.w.org\/{rel}","templated":true}]}}